{"id":714,"date":"2023-01-25T17:17:34","date_gmt":"2023-01-25T17:17:34","guid":{"rendered":"https:\/\/scenario-games.eu\/?page_id=714"},"modified":"2023-01-31T13:31:27","modified_gmt":"2023-01-31T13:31:27","slug":"privacy","status":"publish","type":"page","link":"https:\/\/scenario-games.eu\/en\/privacy\/","title":{"rendered":"Data privacy"},"content":{"rendered":"<p>Der sichere und vertrauensvolle Umgang mit Ihren personenbezogenen Daten hat einen hohen Stellenwert im Unternehmen.<\/p>\n\n\n\n<p>Mit dieser Datenschutzerkl\u00e4rung m\u00f6chten wir Sie \u00fcber die Erhebung personenbezogener Daten bei Nutzung unserer Website, unserer mobiler Applikationen und anderer externer Onlinepr\u00e4senzen, wie z. B. unsere Social Media Profile, sowie deren Zweck und Umfang informieren.<\/p>\n\n\n\n<h2 class=\"wp-block-heading\">1. VERANTWORTLICHE STELLE<\/h2>\n\n\n\n<p>Verantwortlicher im Sinne von&nbsp;Art. 4 Abs. 7 EU-Datenschutz-Grundverordnung und anderer datenschutzrechtlicher Bestimmungen ist:<\/p>\n\n\n\n<p>L&amp;K development GmbH<br>Karlstr. 5a<br>12307 Berlin<br><br>Tel.:&nbsp;03057710048<br>E-Mail: support@lakdev.de<\/p>\n\n\n\n<h2 class=\"wp-block-heading\">2. ERHOBENE DATEN SOWIE ART UND ZWECK DER VERWENDUNG<\/h2>\n\n\n\n<h3 class=\"wp-block-heading\">2.1 BESUCH DER WEBSITE<\/h3>\n\n\n\n<p>Sie k\u00f6nnen grunds\u00e4tzlich unsere Seite besuchen, ohne uns Informationen mitzuteilen. Wir erheben dann nur die personenbezogenen Daten, die Ihr Browser an unseren Server \u00fcbermittelt.<\/p>\n\n\n\n<p>Die erfassten Informationen werden tempor\u00e4r in sogenannten Logfiles des Servers gespeichert und k\u00f6nnen folgende Daten erfassen:<\/p>\n\n\n\n<ul class=\"wp-block-list\">\n<li>Name der abgerufenen Datei<\/li>\n\n\n\n<li>die Seite, von der aus unsere Internetseite angefordert wurde (sogenannte Referrer)<\/li>\n\n\n\n<li>Datum und Uhrzeit des Zugriffs<\/li>\n\n\n\n<li>Zugriffsstatus (z. B. Datei nicht gefunden)<\/li>\n\n\n\n<li>\u00fcbertragene Datenmenge<\/li>\n\n\n\n<li>Beschreibung und Version des verwendeten Webbrowsers<\/li>\n\n\n\n<li>verwendetes Betriebssystem<\/li>\n\n\n\n<li>die Internet-Protokoll-Adresse (IP-Adresse)<\/li>\n<\/ul>\n\n\n\n<p>Die Rechtsgrundlage f\u00fcr die Datenverarbeitung ist Art. 6 Abs. 1 lit. f DSGVO. Wir besitzen ein berechtigtes Interesse, da die Daten f\u00fcr folgende Zwecke verarbeitet werden:<\/p>\n\n\n\n<ul class=\"wp-block-list\">\n<li>Kontrolle und Administration unserer Systeme<\/li>\n\n\n\n<li>Abwehr von Angriffen auf unsere Systeme<\/li>\n\n\n\n<li>Gew\u00e4hrleistung der langfristigen Funktionsf\u00e4higkeit der Website<\/li>\n\n\n\n<li>Optimierung unserer Internetseite und deren Darstellung<\/li>\n<\/ul>\n\n\n\n<p>Diese Daten werden nicht mit den Anmeldedaten des Nutzers zusammengef\u00fchrt und getrennt zu allen personenbezogenen Daten gespeichert. Es werden mit diesen Daten keine R\u00fcckschl\u00fcsse auf die Person gezogen. Die IP-Adresse wird nach 7 Tagen um den letzten Ziffernblock gek\u00fcrzt, sodass die Daten dann nur noch anonym gespeichert vorliegen.<\/p>\n\n\n\n<h3 class=\"wp-block-heading\">2.2 NUTZUNG DER MOBILEN APPS<\/h3>\n\n\n\n<p>Auch bei der Nutzung unserer Android- und iOS-Apps (&#8222;MatheWiki &#8211; Mathe Hilfe&#8220;, &#8222;DeutschWiki &#8211; Deutsch Hilfe und Grammatik&#8220; und &#8222;PhysikWiki &#8211; Physik-Hilfe&#8220;) werden Daten verarbeitet, \u00fcber die wir Sie in dieser Datenschutzerkl\u00e4rung aufkl\u00e4ren m\u00f6chten.<\/p>\n\n\n\n<h4 class=\"wp-block-heading\">2.2.1 DATENVERARBEITUNG DER APP STORE BETREIBER<\/h4>\n\n\n\n<p>Die zust\u00e4ndigen App Stores erheben beim Herunterladen der Apps personenbezogene Daten, wie Zeitpunkt, Zahlungsinformationen und Kundennummer. Wir haben auf die Erhebung dieser Daten keinen Einfluss und \u00fcbernehmen hierf\u00fcr auch keine Verantwortung. Eine Verarbeitung unsererseits erfolgt nur, wenn dies f\u00fcr das Herunterladen oder den Betrieb der App notwendig ist. Die Rechtsgrundlage ist dann Ihre Zustimmung (Art. 6 Abs. 1 lit. a DSGVO) oder unser berechtigtes Interesse (Art. 6 Abs. 1 lit. f DSGVO), um die technische Funktionsf\u00e4higkeit der App zu gew\u00e4hrleisten.<\/p>\n\n\n\n<h4 class=\"wp-block-heading\">2.2.2 DATENVERARBEITUNG BEI NUTZUNG DER APPS<\/h4>\n\n\n\n<p>Bei der Nutzung der App werden au\u00dferdem ggf. Daten erhoben, um die technische Funktionsf\u00e4higkeit der App zu gew\u00e4hrleisten. Rechtsgrundlage ist dann unser berechtigtes Interesse nach Art. 6 Abs. 1 lit. f DSGVO. Zu den Daten geh\u00f6ren<\/p>\n\n\n\n<ul class=\"wp-block-list\">\n<li>Name der abgerufenen Datei<\/li>\n\n\n\n<li>die Seite, von der aus unsere Internetseite angefordert wurde<\/li>\n\n\n\n<li>Datum und Uhrzeit des Zugriffs<\/li>\n\n\n\n<li>Zugriffsstatus (z. B. Datei nicht gefunden)<\/li>\n\n\n\n<li>\u00fcbertragene Datenmenge<\/li>\n\n\n\n<li>Beschreibung und Version des verwendeten Webbrowsers<\/li>\n\n\n\n<li>verwendetes Betriebssystem<\/li>\n\n\n\n<li>die Internet-Protokoll-Adresse (IP-Adresse)<\/li>\n<\/ul>\n\n\n\n<p>Die IP-Adressen werden sp\u00e4testens nach 7 Tagen anonymisiert oder gel\u00f6scht.<\/p>\n\n\n\n<h4 class=\"wp-block-heading\">2.2.3 DATENVERARBEITUNG DURCH DRITTE<\/h4>\n\n\n\n<p>F\u00fcr eine bestm\u00f6gliche Nutzung und Bereitstellung unserer Apps nutzen wir Angebote Dritter, die ebenfalls personenbezogene Daten in Einklang mit deren Datenschutzbedingungen verarbeiten. Der Einsatz dieser Dienste erfolgt aufgrund unseres berechtigten Interesses nach Art. 6 Abs. 1 lit. f DSGVO.<\/p>\n\n\n\n<p>Die kostenfreie Version enth\u00e4lt Werbeanzeigen, die von unserem Werbepartner Google AdMob (1600 Amphitheatre Parkway, Mountain View, CA 94043, USA; im Folgenden \u201eAdMob\u201c). bereitgestellt werden. AdMob sammelt personenbezogene Daten wie die Ger\u00e4te-ID, GPS-Daten, demographische Daten u. a., um Inhalte und Anzeigen zu personalisieren und Zugriffe auf die AdMob-API zu analysieren. Zu diesen Daten geh\u00f6ren auch die &#8222;Apple Advertising Identifier&#8220; unter iOS und die &#8222;Android Advertising ID&#8220; unter Android, mit denen ein pseudonymisiertes Nutzerprofil erstellt wird.<\/p>\n\n\n\n<p>F\u00fcr weitere Informationen zum Datenschutz von AdMob und Google besuchen Sie die Seite&nbsp;<a href=\"http:\/\/www.google.com\/policies\/privacy\/partners\/\">http:\/\/www.google.com\/policies\/privacy\/partners\/.<\/a><\/p>\n\n\n\n<h3 class=\"wp-block-heading\">2.3 KONTAKTAUFNAHME<\/h3>\n\n\n\n<p>Wenn Sie uns beispielsweise \u00fcber ein Kontaktformular oder per E-Mail kontaktieren, nutzen und verarbeiten wir die von Ihnen freiwillig bereitgestellten Daten zum Beantworten Ihrer Anfrage. Es erfolgt keine Weitergabe dieser Daten an Dritte.<\/p>\n\n\n\n<p>Daten wie Ihr Name, Ihre E-Mail-Adresse und Ihre Nachricht sind daher notwendig, um Ihre Anfrage zu bearbeiten. Andere Daten, die nicht zwingend erforderlich f\u00fcr die Beantwortung sind, markieren wir stets als optional und dienen der Pr\u00e4zisierung Ihrer Anfrage.<\/p>\n\n\n\n<p>Sie willigen mit dem Absenden zus\u00e4tzlich ein, dass wir Sie \u00fcber die von Ihnen angegeben Kommunikationskan\u00e4le (z. B. E-Mail-Adresse, Telefonnummer) kontaktieren k\u00f6nnen, um Ihre Anfrage zu beantworten. Die Datenverarbeitung erfolgt aufgrund Ihrer konkreten Anfrage nach Art. 6 Abs. 1 lit. b DSGVO.<\/p>\n\n\n\n<h2 class=\"wp-block-heading\">3. COOKIES<\/h2>\n\n\n\n<p>Beim Besuchen unsere Webseite werden keine Cookies gespeichert.<\/p>\n\n\n\n<h2 class=\"wp-block-heading\">4. AUFBEWAHRUNG UND DAUER<\/h2>\n\n\n\n<p>Die Speicherung s\u00e4mtlicher personenbezogener Daten erfolgt nur solange, wie es f\u00fcr die Erreichung des Zwecks der Speicherung erforderlich ist oder sofern eine Verpflichtung durch gesetzliche Regelungen oder Vorschriften besteht.<br>Wenn der Zweck entf\u00e4llt oder eine gesetzlich vorgeschriebene Speicherfrist abl\u00e4uft, werden die personenbezogen Daten nach den gesetzlichen Vorschriften gel\u00f6scht oder gesperrt.<\/p>\n\n\n\n<p>Die gesetzliche Aufbewahrungsfrist nutzen wir als Kriterium der Speicherung personenbezogener Daten. Nach Fristablauf werden diese Daten gel\u00f6scht, wenn sie nicht mehr zur Vertragserf\u00fcllung n\u00f6tig sind.<\/p>\n\n\n\n<p>Ihre Daten werden ebenfalls gel\u00f6scht, wenn sie eine Einwilligung widerrufen oder Ihre Daten l\u00f6schen lassen, vorausgesetzt, dass keine gesetzliche Verpflichtung zur Aufbewahrung dieser Daten besteht. Sollten die Daten nicht gel\u00f6scht werden k\u00f6nnen, weil sie f\u00fcr andere oder gesetzlich zul\u00e4ssige Zwecke notwendig sind, wird die Verarbeitung der Daten eingeschr\u00e4nkt.<\/p>\n\n\n\n<h2 class=\"wp-block-heading\">5. SICHERHEIT<\/h2>\n\n\n\n<p>Wir haben zahlreiche Ma\u00dfnahmen umgesetzt, um einen gr\u00f6\u00dftm\u00f6glichen Schutz der \u00fcber die Internetseite verarbeiteten personenbezogen Daten zu gew\u00e4hrleisten. Nichtsdestotrotz k\u00f6nnen Daten\u00fcbertragungen im Internet Schwachstellen aufweisen. Ein vollst\u00e4ndiger Schutz kann daher nicht garantiert werden, weshalb es Ihnen frei steht, vertrauliche Informationen auf anderen Wegen, zum Beispiel \u00fcber den Postweg, an uns zu \u00fcbermitteln.<\/p>\n\n\n\n<h2 class=\"wp-block-heading\">6. RECHTE<\/h2>\n\n\n\n<p>Nachfolgend sind Ihre Rechte bez\u00fcglich der Datenverarbeitung aufgelistet. M\u00f6chten Sie Ihre Rechte in Anspruch nehmen, wenden Sie sich bitte an die oben genannte verantwortliche Stelle.<\/p>\n\n\n\n<h3 class=\"wp-block-heading\">6.1 RECHT AUF AUSKUNFT<\/h3>\n\n\n\n<p>Sie haben das Recht jederzeit unentgeltlich eine Best\u00e4tigung dar\u00fcber zu verlangen, ob Sie betreffende personenbezogene Daten verarbeitet werden. Ist dies der Fall, so haben Sie ein Recht auf Auskunft und eine Kopie dieser personenbezogenen Daten und auf folgende Informationen:<\/p>\n\n\n\n<ul class=\"wp-block-list\">\n<li>die Verarbeitungszwecke;<\/li>\n\n\n\n<li>die Kategorien personenbezogener Daten, die verarbeitet werden;<\/li>\n\n\n\n<li>die Empf\u00e4nger oder Kategorien von Empf\u00e4ngern, gegen\u00fcber denen die personenbezogenen Daten offengelegt worden sind oder noch offengelegt werden, insbesondere bei Empf\u00e4ngern in Drittl\u00e4ndern oder bei internationalen Organisationen;<\/li>\n\n\n\n<li>falls m\u00f6glich die geplante Dauer, f\u00fcr die die personenbezogenen Daten gespeichert werden, oder, falls dies nicht m\u00f6glich ist, die Kriterien f\u00fcr die Festlegung dieser Dauer;<\/li>\n\n\n\n<li>das Bestehen eines Rechts auf Berichtigung oder L\u00f6schung der sie betreffenden personenbezogenen Daten oder auf Einschr\u00e4nkung der Verarbeitung durch den Verantwortlichen oder eines Widerspruchsrechts gegen diese Verarbeitung<\/li>\n\n\n\n<li>das Bestehen eines Beschwerderechts bei einer Aufsichtsbeh\u00f6rde;<\/li>\n\n\n\n<li>wenn die personenbezogenen Daten nicht bei der betroffenen Person erhoben werden: Alle verf\u00fcgbaren Informationen \u00fcber die Herkunft der Daten;<\/li>\n\n\n\n<li>das Bestehen einer automatisierten Entscheidungsfindung einschlie\u00dflich Profiling gem\u00e4\u00df Artikel 22 Abs. 1 und 4 DSGVO und &#8211; zumindest in diesen F\u00e4llen &#8211; aussagekr\u00e4ftige Informationen \u00fcber die involvierte Logik sowie die Tragweite und die angestrebten Auswirkungen einer derartigen Verarbeitung f\u00fcr die betroffene Person.<\/li>\n<\/ul>\n\n\n\n<h3 class=\"wp-block-heading\"><br>6.2 RECHT AUF BERICHTIGUNG UND L\u00d6SCHUNG<\/h3>\n\n\n\n<p>Sie haben das Recht, die Berichtigung, Vervollst\u00e4ndigung oder L\u00f6schung zu Ihrer Person gespeicherter Daten zu verlangen. In diesem Fall werden wir dem umgehend nach kommen.<\/p>\n\n\n\n<h3 class=\"wp-block-heading\"><br>6.3&nbsp; RECHT AUF EINSCHR\u00c4NKUNG DER VERARBEITUNGEN<\/h3>\n\n\n\n<p>Sie haben das Recht, die Einschr\u00e4nkung der Verarbeitung zu verlangen.<\/p>\n\n\n\n<h3 class=\"wp-block-heading\"><br>6.4 RECHT AUF DATEN\u00dcBERTRAGBARKEIT<\/h3>\n\n\n\n<p>Sie haben das Recht, die Sie betreffenden personenbezogenen Daten, die Sie uns bereitgestellt haben, in einem strukturierten, g\u00e4ngigen und maschinenlesbaren Format zu erhalten, und Sie haben das Recht, diese Daten einem anderen Verantwortlichen ohne Behinderung durch den Verantwortlichen, dem die personenbezogenen Daten bereitgestellt wurden, zu \u00fcbermitteln.<\/p>\n\n\n\n<h3 class=\"wp-block-heading\">6.5 RECHT AUF WIDERRUF<\/h3>\n\n\n\n<p>Sie haben das Recht, Ihre Einwilligung jederzeit zu widerrufen. Durch den Widerruf der Einwilligung wird die Rechtm\u00e4\u00dfigkeit der aufgrund der Einwilligung bis zum Widerruf erfolgten Verarbeitung nicht ber\u00fchrt.<\/p>\n\n\n\n<h3 class=\"wp-block-heading\"><br>6.6 RECHT AUF WIDERSPRUCH<\/h3>\n\n\n\n<p>Sie haben das Recht, aus Gr\u00fcnden, die sich aus Ihrer besonderen Situation ergeben, jederzeit gegen die Verarbeitung Sie betreffender personenbezogener Daten, die aufgrund von Artikel 6 Absatz 1 lit. e oder f DSGVO erfolgt, Widerspruch einzulegen. Der Verantwortliche verarbeitet die personenbezogenen Daten nicht mehr, es sei denn, er kann zwingende schutzw\u00fcrdige Gr\u00fcnde f\u00fcr die Verarbeitung nachweisen, die die Interessen, Rechte und Freiheiten der betroffenen Person \u00fcberwiegen, oder die Verarbeitung dient der Geltendmachung, Aus\u00fcbung oder Verteidigung von Rechtsanspr\u00fcchen.<\/p>\n\n\n\n<h3 class=\"wp-block-heading\">6.7 BESCHWERDERECHT<\/h3>\n\n\n\n<p>Wenn Sie der Ansicht sind, dass die Verarbeitung der Sie betreffenden personenbezogenen Daten gegen die DSGVO verst\u00f6\u00dft, haben Sie unbeschadet anderweitiger Rechtsbehelfe das Recht auf Beschwerde bei einer Aufsichtsbeh\u00f6rde.<\/p>\n\n\n\n<p><strong>Stand der Datenschutzerkl\u00e4rung: 31.01.2023<\/strong><\/p>","protected":false},"excerpt":{"rendered":"<p>Der sichere und vertrauensvolle Umgang mit Ihren personenbezogenen Daten hat einen hohen Stellenwert im Unternehmen. Mit dieser Datenschutzerkl\u00e4rung m\u00f6chten wir Sie \u00fcber die Erhebung personenbezogener Daten bei Nutzung unserer Website, unserer mobiler Applikationen und anderer externer Onlinepr\u00e4senzen, wie z. B. unsere Social Media Profile, sowie deren Zweck und Umfang informieren. 1. VERANTWORTLICHE STELLE Verantwortlicher im&#8230;<\/p>","protected":false},"author":1,"featured_media":0,"parent":0,"menu_order":0,"comment_status":"closed","ping_status":"closed","template":"","meta":{"_themeisle_gutenberg_block_has_review":false,"_kad_post_transparent":"","_kad_post_title":"","_kad_post_layout":"","_kad_post_sidebar_id":"","_kad_post_content_style":"","_kad_post_vertical_padding":"","_kad_post_feature":"","_kad_post_feature_position":"","_kad_post_header":false,"_kad_post_footer":false,"footnotes":""},"class_list":["post-714","page","type-page","status-publish","hentry"],"_links":{"self":[{"href":"https:\/\/scenario-games.eu\/en\/wp-json\/wp\/v2\/pages\/714","targetHints":{"allow":["GET"]}}],"collection":[{"href":"https:\/\/scenario-games.eu\/en\/wp-json\/wp\/v2\/pages"}],"about":[{"href":"https:\/\/scenario-games.eu\/en\/wp-json\/wp\/v2\/types\/page"}],"author":[{"embeddable":true,"href":"https:\/\/scenario-games.eu\/en\/wp-json\/wp\/v2\/users\/1"}],"replies":[{"embeddable":true,"href":"https:\/\/scenario-games.eu\/en\/wp-json\/wp\/v2\/comments?post=714"}],"version-history":[{"count":4,"href":"https:\/\/scenario-games.eu\/en\/wp-json\/wp\/v2\/pages\/714\/revisions"}],"predecessor-version":[{"id":778,"href":"https:\/\/scenario-games.eu\/en\/wp-json\/wp\/v2\/pages\/714\/revisions\/778"}],"wp:attachment":[{"href":"https:\/\/scenario-games.eu\/en\/wp-json\/wp\/v2\/media?parent=714"}],"curies":[{"name":"wp","href":"https:\/\/api.w.org\/{rel}","templated":true}]}}