{"id":711,"date":"2023-01-25T17:16:18","date_gmt":"2023-01-25T17:16:18","guid":{"rendered":"https:\/\/scenario-games.eu\/?page_id=711"},"modified":"2023-01-25T17:16:18","modified_gmt":"2023-01-25T17:16:18","slug":"impressum","status":"publish","type":"page","link":"https:\/\/scenario-games.eu\/en\/impressum\/","title":{"rendered":"Impressum"},"content":{"rendered":"<p>Angaben gem\u00e4\u00df \u00a7 5 TMG<\/p>\n\n\n\n<h3 class=\"wp-block-heading\"><strong>L&amp;K DEVELOPMENT GMBH<\/strong><\/h3>\n\n\n\n<p>Karlstra\u00dfe 5a<br>12307 Berlin<\/p>\n\n\n\n<p>Telefon: 030 57710048<br>E-Mail:&nbsp;<a href=\"mailto:support@lakdev.de\">support@lakdev.de<\/a><\/p>\n\n\n\n<p>Gesch\u00e4ftsf\u00fchrer: Lenard Anthony Kratky<\/p>\n\n\n\n<p>Umsatzsteuer-Identifikationsnummer gem\u00e4\u00df \u00a727a Umsatzsteuergesetz: DE335112786<\/p>\n\n\n\n<p>Registergericht: Amtsgericht Charlottenburg<br>Registernummer: HRB 222291<\/p>\n\n\n\n<p>Inhaltlich Verantwortlicher gem\u00e4\u00df \u00a7 55 Abs. 2 RStV:<\/p>\n\n\n\n<p>Lenard Anthony Kratky<br>Karlstra\u00dfe 5a<br>12307 Berlin<\/p>\n\n\n\n<p>Die EU-Kommission stellt eine Plattform f\u00fcr die au\u00dfergerichtliche Online-Streitbeilegung (OS-Plattform) bereit, die unter&nbsp;<a href=\"https:\/\/ec.europa.eu\/consumers\/odr\" target=\"_blank\" rel=\"noreferrer noopener\">https:\/\/ec.europa.eu\/consumers\/odr<\/a>&nbsp;aufrufbar ist. Wir sind weder bereit noch verpflichtet, an einem Streitbeilegungsverfahren vor einer Verbraucherschlichtungsstelle teilzunehmen.<\/p>","protected":false},"excerpt":{"rendered":"<p>Angaben gem\u00e4\u00df \u00a7 5 TMG L&amp;K DEVELOPMENT GMBH Karlstra\u00dfe 5a12307 Berlin Telefon: 030 57710048E-Mail:&nbsp;support@lakdev.de Gesch\u00e4ftsf\u00fchrer: Lenard Anthony Kratky Umsatzsteuer-Identifikationsnummer gem\u00e4\u00df \u00a727a Umsatzsteuergesetz: DE335112786 Registergericht: Amtsgericht CharlottenburgRegisternummer: HRB 222291 Inhaltlich Verantwortlicher gem\u00e4\u00df \u00a7 55 Abs. 2 RStV: Lenard Anthony KratkyKarlstra\u00dfe 5a12307 Berlin Die EU-Kommission stellt eine Plattform f\u00fcr die au\u00dfergerichtliche Online-Streitbeilegung (OS-Plattform) bereit, die unter&nbsp;https:\/\/ec.europa.eu\/consumers\/odr&nbsp;aufrufbar ist&#8230;.<\/p>","protected":false},"author":1,"featured_media":0,"parent":0,"menu_order":0,"comment_status":"closed","ping_status":"closed","template":"","meta":{"_themeisle_gutenberg_block_has_review":false,"_kad_post_transparent":"","_kad_post_title":"","_kad_post_layout":"","_kad_post_sidebar_id":"","_kad_post_content_style":"","_kad_post_vertical_padding":"","_kad_post_feature":"","_kad_post_feature_position":"","_kad_post_header":false,"_kad_post_footer":false,"footnotes":""},"class_list":["post-711","page","type-page","status-publish","hentry"],"_links":{"self":[{"href":"https:\/\/scenario-games.eu\/en\/wp-json\/wp\/v2\/pages\/711","targetHints":{"allow":["GET"]}}],"collection":[{"href":"https:\/\/scenario-games.eu\/en\/wp-json\/wp\/v2\/pages"}],"about":[{"href":"https:\/\/scenario-games.eu\/en\/wp-json\/wp\/v2\/types\/page"}],"author":[{"embeddable":true,"href":"https:\/\/scenario-games.eu\/en\/wp-json\/wp\/v2\/users\/1"}],"replies":[{"embeddable":true,"href":"https:\/\/scenario-games.eu\/en\/wp-json\/wp\/v2\/comments?post=711"}],"version-history":[{"count":1,"href":"https:\/\/scenario-games.eu\/en\/wp-json\/wp\/v2\/pages\/711\/revisions"}],"predecessor-version":[{"id":712,"href":"https:\/\/scenario-games.eu\/en\/wp-json\/wp\/v2\/pages\/711\/revisions\/712"}],"wp:attachment":[{"href":"https:\/\/scenario-games.eu\/en\/wp-json\/wp\/v2\/media?parent=711"}],"curies":[{"name":"wp","href":"https:\/\/api.w.org\/{rel}","templated":true}]}}